{"id":80,"date":"2020-11-09T12:32:15","date_gmt":"2020-11-09T15:32:15","guid":{"rendered":"https:\/\/arbelstore.net\/about-us\/"},"modified":"2023-05-30T14:53:12","modified_gmt":"2023-05-30T17:53:12","slug":"institucional","status":"publish","type":"page","link":"https:\/\/arbelstore.com.br\/home\/institucional\/","title":{"rendered":"Institucional"},"content":{"rendered":"\t\t<div data-elementor-type=\"wp-page\" data-elementor-id=\"80\" class=\"elementor elementor-80\">\n\t\t\t\t\t\t<div class=\"elementor-inner\">\n\t\t\t\t<div class=\"elementor-section-wrap\">\n\t\t\t\t\t\t\t\t\t<section class=\"elementor-section elementor-top-section elementor-element elementor-element-48710ab elementor-section-boxed elementor-section-height-default elementor-section-height-default\" data-id=\"48710ab\" data-element_type=\"section\">\n\t\t\t\t\t\t<div class=\"elementor-container elementor-column-gap-no\">\n\t\t\t\t\t\t\t<div class=\"elementor-row\">\n\t\t\t\t\t<div class=\"aux-parallax-section elementor-column elementor-col-50 elementor-top-column elementor-element elementor-element-0a604ba\" data-id=\"0a604ba\" data-element_type=\"column\">\n\t\t\t<div class=\"elementor-column-wrap elementor-element-populated\">\n\t\t\t\t\t\t\t<div class=\"elementor-widget-wrap\">\n\t\t\t\t\t\t<div class=\"elementor-element elementor-element-05ca59f elementor-widget elementor-widget-image\" data-id=\"05ca59f\" data-element_type=\"widget\" data-widget_type=\"image.default\">\n\t\t\t\t<div class=\"elementor-widget-container\">\n\t\t\t\t\t\t\t\t<div class=\"elementor-image\">\n\t\t\t\t\t\t\t\t\t\t\t\t<img loading=\"lazy\" decoding=\"async\" width=\"800\" height=\"800\" src=\"https:\/\/arbelstore.com.br\/wp-content\/uploads\/2022\/09\/arbel-moedor-1.jpg\" class=\"attachment-large size-large\" alt=\"\" srcset=\"https:\/\/arbelstore.com.br\/wp-content\/uploads\/2022\/09\/arbel-moedor-1.jpg 800w, https:\/\/arbelstore.com.br\/wp-content\/uploads\/2022\/09\/arbel-moedor-1-300x300.jpg 300w, https:\/\/arbelstore.com.br\/wp-content\/uploads\/2022\/09\/arbel-moedor-1-150x150.jpg 150w, https:\/\/arbelstore.com.br\/wp-content\/uploads\/2022\/09\/arbel-moedor-1-768x768.jpg 768w, https:\/\/arbelstore.com.br\/wp-content\/uploads\/2022\/09\/arbel-moedor-1-600x600.jpg 600w, https:\/\/arbelstore.com.br\/wp-content\/uploads\/2022\/09\/arbel-moedor-1-100x100.jpg 100w\" sizes=\"(max-width: 800px) 100vw, 800px\" \/>\t\t\t\t\t\t\t\t\t\t\t\t\t\t<\/div>\n\t\t\t\t\t\t<\/div>\n\t\t\t\t<\/div>\n\t\t\t\t<div class=\"elementor-element elementor-element-0cc6967 aux-appear-watch-animation aux-fade-in-left-1 elementor-widget elementor-widget-aux_image\" data-id=\"0cc6967\" data-element_type=\"widget\" data-widget_type=\"aux_image.default\">\n\t\t\t\t<div class=\"elementor-widget-container\">\n\t\t\t<section class=\"widget-container aux-widget-image aux-alignnone aux-parent-au61ffb1c0\">\n    <div class=\"aux-media-hint-frame \">\n        <div class=\"aux-media-image \" >\n        \n            \n\n            \n                        \n                <\/div>\n    <\/div>\n\n<\/section><!-- widget-container -->\t\t<\/div>\n\t\t\t\t<\/div>\n\t\t\t\t\t\t<\/div>\n\t\t\t\t\t<\/div>\n\t\t<\/div>\n\t\t\t\t<div class=\"aux-parallax-section elementor-column elementor-col-50 elementor-top-column elementor-element elementor-element-1164f12\" data-id=\"1164f12\" data-element_type=\"column\">\n\t\t\t<div class=\"elementor-column-wrap elementor-element-populated\">\n\t\t\t\t\t\t\t<div class=\"elementor-widget-wrap\">\n\t\t\t\t\t\t<div class=\"elementor-element elementor-element-4dd71fb aux-appear-watch-animation aux-fade-in-up-1 elementor-widget elementor-widget-aux_modern_heading\" data-id=\"4dd71fb\" data-element_type=\"widget\" data-widget_type=\"aux_modern_heading.default\">\n\t\t\t\t<div class=\"elementor-widget-container\">\n\t\t\t<section class=\"aux-widget-modern-heading\">\n            <div class=\"aux-widget-inner\"><h5 class=\"aux-modern-heading-primary\">Quem Somos<\/h5><h3 class=\"aux-modern-heading-secondary\"><span class=\"aux-head-before\">Desde 1972 criando e fabricando produtos inovadores<\/span><\/h3><div class=\"aux-modern-heading-divider\"><\/div><div class=\"aux-modern-heading-description\"><p>Estamos desde 1972 criando, desenvolvendo e fabricando produtos inovadores e adequados \u00e0s peculiaridades do mercado brasileiro e tamb\u00e9m \u00e0s de outros pa\u00edses.<\/p><p>Arbel disp\u00f5e de uma ampla linha de produtos indicados para uso domestico e comerciais como; clubes, supermercados, restaurantes, hot\u00e9is, lanchonetes, padarias, bares, rotisserias, casas de massas, enfim para todos os seguimentos do ramo aliment\u00edcio.<\/p><\/div><\/div>\n        <\/section>\t\t<\/div>\n\t\t\t\t<\/div>\n\t\t\t\t\t\t<\/div>\n\t\t\t\t\t<\/div>\n\t\t<\/div>\n\t\t\t\t\t\t\t\t<\/div>\n\t\t\t\t\t<\/div>\n\t\t<\/section>\n\t\t\t\t<section class=\"elementor-section elementor-top-section elementor-element elementor-element-1c90ceb elementor-section-boxed elementor-section-height-default elementor-section-height-default\" data-id=\"1c90ceb\" data-element_type=\"section\">\n\t\t\t\t\t\t<div class=\"elementor-container elementor-column-gap-default\">\n\t\t\t\t\t\t\t<div class=\"elementor-row\">\n\t\t\t\t\t<div class=\"aux-parallax-section elementor-column elementor-col-100 elementor-top-column elementor-element elementor-element-7c62ba1\" data-id=\"7c62ba1\" data-element_type=\"column\">\n\t\t\t<div class=\"elementor-column-wrap elementor-element-populated\">\n\t\t\t\t\t\t\t<div class=\"elementor-widget-wrap\">\n\t\t\t\t\t\t<div class=\"elementor-element elementor-element-644da7d elementor-widget elementor-widget-text-editor\" data-id=\"644da7d\" data-element_type=\"widget\" data-widget_type=\"text-editor.default\">\n\t\t\t\t<div class=\"elementor-widget-container\">\n\t\t\t\t\t\t\t\t<div class=\"elementor-text-editor elementor-clearfix\">\n\t\t\t\t<p>Temos como prioridade a efici\u00eancia no atendimento e na assist\u00eancia p\u00f3s venda, visto que, \u201cbom equipamento \u00e9 aquele que tem boa assist\u00eancia t\u00e9cnica\u201d. Para isso temos v\u00e1rios postos de \u201cAssist\u00eancia T\u00e9cnica Autorizada Arbel\u201d distribu\u00eddos pelo territ\u00f3rio brasileiro; nossa equipe de vendedores visita periodicamente nossos revendedores e al\u00e9m disso estamos \u00e0 disposi\u00e7\u00e3o de nossos clientes com pessoal habilitado \u00e0 dar suporte por telefone.<\/p><p>Outro motivo de orgulho e satisfa\u00e7\u00e3o \u00e9 o grupo de mais de 60 pessoas que trabalham conosco, contribuindo de forma decisiva para o sucesso de nossa Empresa. Muito obrigado por sua visita, ela tamb\u00e9m nos \u00e9 um motivo de orgulho e satisfa\u00e7\u00e3o, pois temos a oportunidade rara de podermos mostrar \u00e0 voc\u00ea um pouco do que somos e o que fazemos.<\/p>\t\t\t\t\t<\/div>\n\t\t\t\t\t\t<\/div>\n\t\t\t\t<\/div>\n\t\t\t\t\t\t<\/div>\n\t\t\t\t\t<\/div>\n\t\t<\/div>\n\t\t\t\t\t\t\t\t<\/div>\n\t\t\t\t\t<\/div>\n\t\t<\/section>\n\t\t\t\t<section class=\"elementor-section elementor-top-section elementor-element elementor-element-dcf01f8 elementor-section-boxed elementor-section-height-default elementor-section-height-default\" data-id=\"dcf01f8\" data-element_type=\"section\">\n\t\t\t\t\t\t<div class=\"elementor-container elementor-column-gap-no\">\n\t\t\t\t\t\t\t<div class=\"elementor-row\">\n\t\t\t\t\t<div class=\"aux-parallax-section elementor-column elementor-col-50 elementor-top-column elementor-element elementor-element-387d158\" data-id=\"387d158\" data-element_type=\"column\">\n\t\t\t<div class=\"elementor-column-wrap elementor-element-populated\">\n\t\t\t\t\t\t\t<div class=\"elementor-widget-wrap\">\n\t\t\t\t\t\t<div class=\"elementor-element elementor-element-c0ae353 aux-appear-watch-animation aux-slide-from-bot elementor-widget elementor-widget-aux_modern_heading\" data-id=\"c0ae353\" data-element_type=\"widget\" data-widget_type=\"aux_modern_heading.default\">\n\t\t\t\t<div class=\"elementor-widget-container\">\n\t\t\t<section class=\"aux-widget-modern-heading\">\n            <div class=\"aux-widget-inner\"><h5 class=\"aux-modern-heading-primary\">Precisa de algo? <\/h5><h3 class=\"aux-modern-heading-secondary\"><span class=\"aux-head-before\">Enter em contato, teremos prazer em atender voc\u00ea!<\/span><\/h3><\/div>\n        <\/section>\t\t<\/div>\n\t\t\t\t<\/div>\n\t\t\t\t<div class=\"elementor-element elementor-element-47b0ce5 elementor-widget__width-auto aux-appear-watch-animation aux-fade-in-right-1 elementor-view-default elementor-mobile-position-top elementor-vertical-align-top elementor-widget elementor-widget-icon-box\" data-id=\"47b0ce5\" data-element_type=\"widget\" data-widget_type=\"icon-box.default\">\n\t\t\t\t<div class=\"elementor-widget-container\">\n\t\t\t\t\t<div class=\"elementor-icon-box-wrapper\">\n\t\t\t\t\t\t<div class=\"elementor-icon-box-icon\">\n\t\t\t\t<span class=\"elementor-icon elementor-animation-\" >\n\t\t\t\t<svg xmlns=\"http:\/\/www.w3.org\/2000\/svg\" width=\"38.557\" height=\"38.557\" viewBox=\"0 0 38.557 38.557\"><g transform=\"translate(-11.7 -11.659)\"><g transform=\"translate(11.7 11.659)\"><path d=\"M49.457,39.051,45.93,35.524a2.825,2.825,0,0,0-3.937.079c-2.3,2.549-3.2,2.872-3.448,2.959a6.456,6.456,0,0,1-1.231.079c-3.283,0-7.638-2.462-10.668-6.242-2.549-3.117-3.78-6.486-3.283-9.027.079-.166.41-1.152,2.959-3.448a2.609,2.609,0,0,0,.9-1.973,2.891,2.891,0,0,0-.821-1.973l-3.527-3.527a2.744,2.744,0,0,0-3.448-.331c-3.535,2.549-7.725,6-7.725,8.459,0,10.51,19.127,29.638,29.638,29.638,2.549,0,5.989-4.19,8.459-7.717A2.736,2.736,0,0,0,49.457,39.051Zm-.9,2.628c-3.038,4.269-5.831,6.975-7.141,6.975-9.69,0-28.075-18.385-28.075-28.075,0-1.4,2.628-4.1,6.975-7.141a1.031,1.031,0,0,1,1.4.245l3.527,3.527a1.215,1.215,0,0,1-.079,1.641c-2.793,2.549-3.283,3.693-3.448,4.348-.576,3.038.742,6.81,3.614,10.345,3.369,4.1,8.049,6.81,11.9,6.81a8.7,8.7,0,0,0,1.562-.166c.655-.166,1.807-.655,4.348-3.448a1.17,1.17,0,0,1,1.641-.079l3.614,3.614a1.035,1.035,0,0,1,.166,1.4Z\" transform=\"translate(-11.7 -11.659)\" fill=\"#F8253A\"><\/path><path d=\"M279.779,49.722a11.647,11.647,0,0,1,3.2,10.258l1.562.245a13.459,13.459,0,0,0-3.614-11.655A13.187,13.187,0,0,0,268.7,45.043l.331,1.562a11.426,11.426,0,0,1,10.747,3.117Z\" transform=\"translate(-248.421 -42.112)\" fill=\"#F8253A\"><\/path><path d=\"M289.048,129A7.486,7.486,0,0,0,287,122.436a7.341,7.341,0,0,0-6.9-1.973l.331,1.562a5.951,5.951,0,0,1,5.421,1.562,5.8,5.8,0,0,1,1.641,5.168Z\" transform=\"translate(-258.921 -111.702)\" fill=\"#F8253A\"><\/path><\/g><\/g><\/svg>\t\t\t\t<\/span>\n\t\t\t<\/div>\n\t\t\t\t\t\t<div class=\"elementor-icon-box-content\">\n\t\t\t\t<h4 class=\"elementor-icon-box-title\">\n\t\t\t\t\t<span  >\n\t\t\t\t\t\tTelefones:\t\t\t\t\t<\/span>\n\t\t\t\t<\/h4>\n\t\t\t\t\t\t\t\t\t<p class=\"elementor-icon-box-description\">\n\t\t\t\t\t\t(17) 99674-6417 <br>whatsapp\t\t\t\t\t<\/p>\n\t\t\t\t\t\t\t<\/div>\n\t\t<\/div>\n\t\t\t\t<\/div>\n\t\t\t\t<\/div>\n\t\t\t\t<div class=\"elementor-element elementor-element-c149d4a elementor-widget__width-auto aux-appear-watch-animation aux-fade-in-right-1 elementor-view-default elementor-mobile-position-top elementor-vertical-align-top elementor-widget elementor-widget-icon-box\" data-id=\"c149d4a\" data-element_type=\"widget\" data-widget_type=\"icon-box.default\">\n\t\t\t\t<div class=\"elementor-widget-container\">\n\t\t\t\t\t<div class=\"elementor-icon-box-wrapper\">\n\t\t\t\t\t\t<div class=\"elementor-icon-box-icon\">\n\t\t\t\t<span class=\"elementor-icon elementor-animation-\" >\n\t\t\t\t<svg xmlns=\"http:\/\/www.w3.org\/2000\/svg\" width=\"22.004\" height=\"16.48\" viewBox=\"0 0 22.004 16.48\"><path d=\"M22,66.985v-.347a2.374,2.374,0,0,0-2.371-2.371H2.371A2.374,2.374,0,0,0,0,66.638V78.376a2.373,2.373,0,0,0,2.371,2.371H19.633A2.373,2.373,0,0,0,22,78.376V66.985ZM2.371,65.556H19.633a1.083,1.083,0,0,1,1.082,1.082h0l-8.634,5.756a2.169,2.169,0,0,1-2.157,0L1.289,66.638h0a1.083,1.083,0,0,1,1.082-1.082Zm17.262,13.9H2.371a1.083,1.083,0,0,1-1.082-1.081V68.188l7.919,5.279a3.451,3.451,0,0,0,3.588,0l7.919-5.279V78.376A1.083,1.083,0,0,1,19.633,79.458Z\" transform=\"translate(0 -64.267)\" fill=\"#f8253a\"><\/path><\/svg>\t\t\t\t<\/span>\n\t\t\t<\/div>\n\t\t\t\t\t\t<div class=\"elementor-icon-box-content\">\n\t\t\t\t<h4 class=\"elementor-icon-box-title\">\n\t\t\t\t\t<span  >\n\t\t\t\t\t\tEmail:\t\t\t\t\t<\/span>\n\t\t\t\t<\/h4>\n\t\t\t\t\t\t\t\t\t<p class=\"elementor-icon-box-description\">\n\t\t\t\t\t\tvendas@arbel.ind.br\t\t\t\t\t<\/p>\n\t\t\t\t\t\t\t<\/div>\n\t\t<\/div>\n\t\t\t\t<\/div>\n\t\t\t\t<\/div>\n\t\t\t\t\t\t<\/div>\n\t\t\t\t\t<\/div>\n\t\t<\/div>\n\t\t\t\t<div class=\"aux-parallax-section elementor-column elementor-col-50 elementor-top-column elementor-element elementor-element-6160cb0\" data-id=\"6160cb0\" data-element_type=\"column\">\n\t\t\t<div class=\"elementor-column-wrap elementor-element-populated\">\n\t\t\t\t\t\t\t<div class=\"elementor-widget-wrap\">\n\t\t\t\t\t\t<div class=\"elementor-element elementor-element-85fd7af aux-appear-watch-animation aux-fade-in-right-1 elementor-widget elementor-widget-aux_contact_form\" data-id=\"85fd7af\" data-element_type=\"widget\" data-widget_type=\"aux_contact_form.default\">\n\t\t\t\t<div class=\"elementor-widget-container\">\n\t\t\t<section class=\"widget-container aux-widget-contact-form aux-parent-aua21ad08d\">            <div class=\"aux-col-wrapper aux-no-gutter\">\n            <!-- @TODO - The output for element here -->\n\n            \n<div class=\"wpcf7 no-js\" id=\"wpcf7-f65-o1\" lang=\"en-US\" dir=\"ltr\">\n<div class=\"screen-reader-response\"><p role=\"status\" aria-live=\"polite\" aria-atomic=\"true\"><\/p> <ul><\/ul><\/div>\n<form action=\"\/home\/wp-json\/wp\/v2\/pages\/80#wpcf7-f65-o1\" method=\"post\" class=\"wpcf7-form init\" aria-label=\"Contact form\" novalidate=\"novalidate\" data-status=\"init\">\n<div style=\"display: none;\">\n<input type=\"hidden\" name=\"_wpcf7\" value=\"65\" \/>\n<input type=\"hidden\" name=\"_wpcf7_version\" value=\"5.7.6\" \/>\n<input type=\"hidden\" name=\"_wpcf7_locale\" value=\"en_US\" \/>\n<input type=\"hidden\" name=\"_wpcf7_unit_tag\" value=\"wpcf7-f65-o1\" \/>\n<input type=\"hidden\" name=\"_wpcf7_container_post\" value=\"0\" \/>\n<input type=\"hidden\" name=\"_wpcf7_posted_data_hash\" value=\"\" \/>\n<\/div>\n<div class=\"aux-part1\">\n<span class=\"wpcf7-form-control-wrap\" data-name=\"Name\"><input size=\"40\" class=\"wpcf7-form-control wpcf7-text\" aria-invalid=\"false\" placeholder=\"Nome\" value=\"\" type=\"text\" name=\"Name\" \/><\/span>\n<span class=\"wpcf7-form-control-wrap\" data-name=\"Phonenumber\"><input size=\"40\" class=\"wpcf7-form-control wpcf7-text\" aria-invalid=\"false\" placeholder=\"Telefone\" value=\"\" type=\"text\" name=\"Phonenumber\" \/><\/span><\/div>\n<span class=\"wpcf7-form-control-wrap\" data-name=\"YourMessageHere\"><textarea cols=\"40\" rows=\"10\" class=\"wpcf7-form-control wpcf7-textarea\" aria-invalid=\"false\" placeholder=\"Sua Mensagem\" name=\"YourMessageHere\"><\/textarea><\/span>\n<input class=\"wpcf7-form-control has-spinner wpcf7-submit\" type=\"submit\" value=\"Enviar Mensagem\" \/><div class=\"wpcf7-response-output\" aria-hidden=\"true\"><\/div>\n<\/form>\n<\/div>\n\n\n            <\/div><!-- aux-col-wrapper -->\n    <\/section><!-- widget-container -->\t\t<\/div>\n\t\t\t\t<\/div>\n\t\t\t\t\t\t<\/div>\n\t\t\t\t\t<\/div>\n\t\t<\/div>\n\t\t\t\t\t\t\t\t<\/div>\n\t\t\t\t\t<\/div>\n\t\t<\/section>\n\t\t\t\t\t\t\t\t\t<\/div>\n\t\t\t<\/div>\n\t\t\t\t\t<\/div>\n\t\t","protected":false},"excerpt":{"rendered":"<p>Quem Somos Desde 1972 criando e fabricando produtos inovadores Estamos desde 1972 criando, desenvolvendo e fabricando produtos inovadores e adequados \u00e0s peculiaridades do mercado brasileiro e tamb\u00e9m \u00e0s de outros pa\u00edses. Arbel disp\u00f5e de uma ampla linha de produtos indicados para uso domestico e comerciais como; clubes, supermercados, restaurantes, hot\u00e9is, lanchonetes, padarias, bares, rotisserias, casas [&hellip;]<\/p>\n","protected":false},"author":1,"featured_media":0,"parent":0,"menu_order":0,"comment_status":"closed","ping_status":"closed","template":"templates\/page-builder-content.php","meta":{"footnotes":"","_joinchat":[]},"acf":[],"_links":{"self":[{"href":"https:\/\/arbelstore.com.br\/home\/wp-json\/wp\/v2\/pages\/80"}],"collection":[{"href":"https:\/\/arbelstore.com.br\/home\/wp-json\/wp\/v2\/pages"}],"about":[{"href":"https:\/\/arbelstore.com.br\/home\/wp-json\/wp\/v2\/types\/page"}],"author":[{"embeddable":true,"href":"https:\/\/arbelstore.com.br\/home\/wp-json\/wp\/v2\/users\/1"}],"replies":[{"embeddable":true,"href":"https:\/\/arbelstore.com.br\/home\/wp-json\/wp\/v2\/comments?post=80"}],"version-history":[{"count":9,"href":"https:\/\/arbelstore.com.br\/home\/wp-json\/wp\/v2\/pages\/80\/revisions"}],"predecessor-version":[{"id":518,"href":"https:\/\/arbelstore.com.br\/home\/wp-json\/wp\/v2\/pages\/80\/revisions\/518"}],"wp:attachment":[{"href":"https:\/\/arbelstore.com.br\/home\/wp-json\/wp\/v2\/media?parent=80"}],"curies":[{"name":"wp","href":"https:\/\/api.w.org\/{rel}","templated":true}]}}