{"id":162,"date":"2022-09-15T11:16:47","date_gmt":"2022-09-15T14:16:47","guid":{"rendered":"https:\/\/arbelstore.net\/?post_type=product&#038;p=162"},"modified":"2025-11-13T18:41:36","modified_gmt":"2025-11-13T21:41:36","slug":"ralador-de-coco-e-queijo-arbel-rld-150-4-0-bivolt","status":"publish","type":"product","link":"https:\/\/arbelstore.com.br\/home\/produto\/ralador-de-coco-e-queijo-arbel-rld-150-4-0-bivolt\/","title":{"rendered":"Ralador de Coco e Queijo Arbel RLD 150 &#8211; 4.0 Bivolt"},"content":{"rendered":"<p><strong>C\u00f3digo do Produto: PA000500003<\/strong><\/p>\n<p>Pot\u00eancia: 558\/418 W<br \/>\nRota\u00e7\u00e3o: 1630 RPM<br \/>\nTens\u00e3o: 127\/220 V<br \/>\nFrequ\u00eancia: 60 Hz<br \/>\nGrau de Prote\u00e7\u00e3o: IPX1<br \/>\nClasse de Isola\u00e7\u00e3o: I<br \/>\nRota\u00e7\u00e3o do disco em vazio: 360 RPM<\/p>\n<p>Produ\u00e7\u00e3o estimada:\u00a015,00\u00a0kg\/h<br \/>\nPeso Bruto 12,90 kg\/ Liquido 11,10 kg<br \/>\nEmbalagem: Altura 55 cm \/Largura 31 cm \/ Comprimento 45 cm<br \/>\nNCM: 8438.80.90<br \/>\nC\u00f3digo de Barras RLD 150 4.0 Bivolt: 7898284810636<\/p>\n<p>Substitui\u00e7\u00e3o Tributaria: 0%<br \/>\nBase de c\u00e1lculo do ICMS para estados: MG\/PR\/RJ\/RS\/SC: 100% \u2013 Ali\u0301quota de ICMS: 12%<br \/>\nBase de c\u00e1lculo do ICMS para SP: 100% \u2013 Ali\u0301quota de ICMS: 18%<br \/>\nOutros Estados base de ca\u0301lculo do ICMS: 100% \u2013 Ali\u0301quota de ICMS: 7%<\/p>\n","protected":false},"excerpt":{"rendered":"<p>O Ralador de Coco e Queijo Arbel RLD 150 \u2013 4.0 e\u0301 uma m\u00e1quina vers\u00e1til, projetada para pequenos e m\u00e9dios estabelecimentos do g\u00eanero aliment\u00edcio como:\u00a0<strong>rotisserias, padarias, lanchonetes, restaurantes, docerias, hot\u00e9is, etc. bem como para resid\u00eancias<\/strong>.<\/p>\n<p>De f\u00e1cil manuseio, acompanha 1 (um) ralo em a\u00e7o inoxid\u00e1vel para ralar alimentos do tipo queijo meia cura, mandioca, mam\u00e3o verde, cidra, etc. O disco desfiador n\u00b0 3 (8MM) vai montado na maquina para alimentos como: queijo tipo mussarela, presunto, coco, etc. Constru\u00edda em a\u00e7o carbono com pintura eletrost\u00e1tica, caixa do ralo em material Poliacetal.<\/p>\n<p><span style=\"font-size: 10.5pt; font-family: 'Arial','sans-serif'; color: #606975;\"><span style=\"color: #606975; font-family: Arial, sans-serif;\"><span style=\"font-size: 10.5pt;\"><b>Observa\u00e7\u00e3o: disco desfiador n<\/b><\/span><span style=\"font-size: 14px;\"><b>\u00b0<\/b><\/span><span style=\"font-size: 10.5pt;\"><b>\u00a02 (4MM) dispon\u00edvel para venda a parte.<\/b><\/span><\/span><\/span><\/p>\n<p><strong>Possui f\u00e1cil e exclusivo sistema de troca dos ralos, que possibilita uma limpeza perfeita, garantindo a higiene de seus alimentos.<\/strong><\/p>\n","protected":false},"featured_media":198,"comment_status":"open","ping_status":"closed","template":"","meta":{"_joinchat":[]},"product_cat":[48,46],"product_tag":[],"acf":[],"_links":{"self":[{"href":"https:\/\/arbelstore.com.br\/home\/wp-json\/wp\/v2\/product\/162"}],"collection":[{"href":"https:\/\/arbelstore.com.br\/home\/wp-json\/wp\/v2\/product"}],"about":[{"href":"https:\/\/arbelstore.com.br\/home\/wp-json\/wp\/v2\/types\/product"}],"replies":[{"embeddable":true,"href":"https:\/\/arbelstore.com.br\/home\/wp-json\/wp\/v2\/comments?post=162"}],"wp:featuredmedia":[{"embeddable":true,"href":"https:\/\/arbelstore.com.br\/home\/wp-json\/wp\/v2\/media\/198"}],"wp:attachment":[{"href":"https:\/\/arbelstore.com.br\/home\/wp-json\/wp\/v2\/media?parent=162"}],"wp:term":[{"taxonomy":"product_cat","embeddable":true,"href":"https:\/\/arbelstore.com.br\/home\/wp-json\/wp\/v2\/product_cat?post=162"},{"taxonomy":"product_tag","embeddable":true,"href":"https:\/\/arbelstore.com.br\/home\/wp-json\/wp\/v2\/product_tag?post=162"}],"curies":[{"name":"wp","href":"https:\/\/api.w.org\/{rel}","templated":true}]}}