{"id":164,"date":"2022-09-15T11:16:47","date_gmt":"2022-09-15T14:16:47","guid":{"rendered":"https:\/\/arbelstore.net\/?post_type=product&#038;p=164"},"modified":"2026-02-23T21:50:52","modified_gmt":"2026-02-24T00:50:52","slug":"cortador-de-frios-arbel-170-sx-4-0-bivolt","status":"publish","type":"product","link":"https:\/\/arbelstore.com.br\/home\/produto\/cortador-de-frios-arbel-170-sx-4-0-bivolt\/","title":{"rendered":"Cortador de Frios Arbel 170 SX \u2013 4.0 INOX Bivolt"},"content":{"rendered":"<p><strong>C\u00f3digo do Produto: PA000200008<\/strong><\/p>\n<p>Pot\u00eancia: 240\/340 W<br \/>\nRota\u00e7\u00e3o: 3.500 RPM<br \/>\nTens\u00e3o: 127\/220 V<br \/>\nFrequ\u00eancia: 60 Hz<br \/>\nProdu\u00e7\u00e3o estimada: 12 kg\/h<br \/>\nClasse de Isola\u00e7\u00e3o: I<br \/>\nGrau de Prote\u00e7\u00e3o: IPX1<br \/>\nPeso Bruto: 12,7 kg \/ Liquido 10,5 kg<\/p>\n<p>Redu\u00e7\u00e3o sem fim\/coroa de 1:30 (uma rota\u00e7\u00e3o do disco para 30 rota\u00e7\u00f5es do motor)<br \/>\nRota\u00e7\u00e3o do disco em vazio: 110 RPM<br \/>\nAltura m\u00e1xima de corte: 130 mm \/ 13cm<br \/>\nEmbalagem : Altura 50 cm \/Largura 41 cm \/ Comprimento 40 cm<\/p>\n<p>C\u00f3digo de Barras Cortador de Frios Arbel 170 SX \u2013 4.0 Bivolt: 789.8284.810582<\/p>\n<p>NCM: 84385000<br \/>\nSubstitui\u00e7\u00e3o Tributaria: 0%<br \/>\nBase de c\u00e1lculo do ICMS para estados: MG\/PR\/RJ\/RS\/SC: 73,34% \u2013 Al\u00edquota de ICMS: 12%<br \/>\nBase de c\u00e1lculo do ICMS para SP: 48,89% \u2013 Al\u00edquota de ICMS: 18%<br \/>\nOutros Estados base de c\u00e1lculo do ICMS: 73,43% \u2013 Al\u00edquota de ICMS: 7%<\/p>\n","protected":false},"excerpt":{"rendered":"<p>O Cortador de Frios 170 SX e\u0301 constru\u00eddo em ac\u0327o inoxida\u0301vel para consumidores que desejam um produto bonito e dur\u00e1vel. Elaborado especialmente para atender aos pequenos e me\u0301dios comerciantes de estabelecimentos como: <strong>R<\/strong><b>estaurantes, Mercearias, Rotisserias, Trailers de lanches, entre outros<\/b>.<\/p>\n<p>Desenvolvido para cortar <strong>frios, legumes e carnes<\/strong> ( bife, lagarto, lombo, carpaccio, entre outros ), atende na medida exata a\u0300s necessidades desses estabelecimentos. Sa\u0303o Pra\u0301ticos, por serem fa\u0301ceis e ra\u0301pidos de manusear. O disco de corte possui gume temperado por indu\u00e7\u00e3o o que garante afia\u00e7\u00e3o por mais tempo, tamb\u00e9m \u00e9 remov\u00edvel para f\u00e1cil higieniza\u00e7\u00e3o.<\/p>\n<p>Econo\u0302mico por possibilitar a aquisic\u0327a\u0303o de pec\u0327as inteiras de frios e carnes por prec\u0327os vantajosos, de acordo com a demanda dia\u0301ria.<\/p>\n<p>Produto bivolt com chave seletora 127V\/220V: Os cortadores de frios ARBEL 170 &#8211; 4.0, tambe\u0301m sa\u0303o de extrema utilidade e praticidade para uso dome\u0301stico.<\/p>\n","protected":false},"featured_media":201,"comment_status":"open","ping_status":"closed","template":"","meta":{"_joinchat":[]},"product_cat":[49,37],"product_tag":[],"acf":[],"_links":{"self":[{"href":"https:\/\/arbelstore.com.br\/home\/wp-json\/wp\/v2\/product\/164"}],"collection":[{"href":"https:\/\/arbelstore.com.br\/home\/wp-json\/wp\/v2\/product"}],"about":[{"href":"https:\/\/arbelstore.com.br\/home\/wp-json\/wp\/v2\/types\/product"}],"replies":[{"embeddable":true,"href":"https:\/\/arbelstore.com.br\/home\/wp-json\/wp\/v2\/comments?post=164"}],"wp:featuredmedia":[{"embeddable":true,"href":"https:\/\/arbelstore.com.br\/home\/wp-json\/wp\/v2\/media\/201"}],"wp:attachment":[{"href":"https:\/\/arbelstore.com.br\/home\/wp-json\/wp\/v2\/media?parent=164"}],"wp:term":[{"taxonomy":"product_cat","embeddable":true,"href":"https:\/\/arbelstore.com.br\/home\/wp-json\/wp\/v2\/product_cat?post=164"},{"taxonomy":"product_tag","embeddable":true,"href":"https:\/\/arbelstore.com.br\/home\/wp-json\/wp\/v2\/product_tag?post=164"}],"curies":[{"name":"wp","href":"https:\/\/api.w.org\/{rel}","templated":true}]}}