{"id":177,"date":"2022-09-15T11:16:49","date_gmt":"2022-09-15T14:16:49","guid":{"rendered":"https:\/\/arbelstore.net\/?post_type=product&#038;p=177"},"modified":"2026-01-23T11:47:53","modified_gmt":"2026-01-23T14:47:53","slug":"moedor-de-cafe-e-cereais-arbel-mcf-55-12-v-bateria","status":"publish","type":"product","link":"https:\/\/arbelstore.com.br\/home\/produto\/moedor-de-cafe-e-cereais-arbel-mcf-55-12-v-bateria\/","title":{"rendered":"Moedor de Caf\u00e9 e Cereais Arbel MCF 55 &#8211; 12 V (Bateria)"},"content":{"rendered":"<p><strong>C\u00f3digo do Produto: 010.10.000.0000<\/strong><\/p>\n<p>Rota\u00e7\u00e3o: 3700\u00a0RPM<br \/>\nTens\u00e3o: 12 VCC<br \/>\nProdu\u00e7\u00e3o estimada: 7 kg\/h<br \/>\nPeso Bruto: 7,86 kg \/ Liquido 6,86 kg<br \/>\nEmbalagem: Altura 32 cm \/Largura 27 cm \/Comprimento 32 cm<br \/>\nNCM: 84378010<\/p>\n<p>C\u00f3digo de Barra Moedor de Caf\u00e9 e Cereais Arbel MCF 55 &#8211; 12 V (Bateria): 7898284810247<\/p>\n<p>Substituic\u0327a\u0303o Tributaria: 0%<br \/>\nBase de c\u00e1lculo do ICMS para estados: MG\/PR\/RJ\/RS\/SC: 73,34% \u2013 Ali\u0301quota de ICMS: 12%<br \/>\nBase de c\u00e1lculo do ICMS para SP: 48,89% \u2013 Ali\u0301quota de ICMS : 18%<br \/>\nOutros Estados base de ca\u0301lculo do ICMS: 73,43% \u2013 Ali\u0301quota de ICMS : 7%<\/p>\n","protected":false},"excerpt":{"rendered":"<p>Pensando em voc\u00eas feirantes e consumidores que precisam moer caf\u00e9, temperos e cereais tais como pimenta do reino, cominho, milho maduro, arroz cru, trigo seco, guaran\u00e1, casca de ovo, etc.<\/p>\n<p>O <strong>MOEDOR DE CAF\u00c9 E CEREAIS ARBEL MCF 55<\/strong>, foi desenvolvido com garras do tipo jacar\u00e9 para se conectar \u00e0 bateria 12V, podendo fazer uso do aparelho em qualquer lugar, como feiras livres, fazendas, etc.<\/p>\n<p>Produto compacto, leve e port\u00e1til. Ideal para pequeno neg\u00f3cio.<\/p>\n","protected":false},"featured_media":206,"comment_status":"open","ping_status":"closed","template":"","meta":{"_joinchat":[]},"product_cat":[47,35],"product_tag":[],"acf":[],"_links":{"self":[{"href":"https:\/\/arbelstore.com.br\/home\/wp-json\/wp\/v2\/product\/177"}],"collection":[{"href":"https:\/\/arbelstore.com.br\/home\/wp-json\/wp\/v2\/product"}],"about":[{"href":"https:\/\/arbelstore.com.br\/home\/wp-json\/wp\/v2\/types\/product"}],"replies":[{"embeddable":true,"href":"https:\/\/arbelstore.com.br\/home\/wp-json\/wp\/v2\/comments?post=177"}],"wp:featuredmedia":[{"embeddable":true,"href":"https:\/\/arbelstore.com.br\/home\/wp-json\/wp\/v2\/media\/206"}],"wp:attachment":[{"href":"https:\/\/arbelstore.com.br\/home\/wp-json\/wp\/v2\/media?parent=177"}],"wp:term":[{"taxonomy":"product_cat","embeddable":true,"href":"https:\/\/arbelstore.com.br\/home\/wp-json\/wp\/v2\/product_cat?post=177"},{"taxonomy":"product_tag","embeddable":true,"href":"https:\/\/arbelstore.com.br\/home\/wp-json\/wp\/v2\/product_tag?post=177"}],"curies":[{"name":"wp","href":"https:\/\/api.w.org\/{rel}","templated":true}]}}