{"id":178,"date":"2022-09-15T11:16:50","date_gmt":"2022-09-15T14:16:50","guid":{"rendered":"https:\/\/arbelstore.net\/?post_type=product&#038;p=178"},"modified":"2025-11-13T18:39:30","modified_gmt":"2025-11-13T21:39:30","slug":"moedor-de-graos-arbel-mgr-90-2-0-bivolt","status":"publish","type":"product","link":"https:\/\/arbelstore.com.br\/home\/produto\/moedor-de-graos-arbel-mgr-90-2-0-bivolt\/","title":{"rendered":"Moedor de Gr\u00e3os Arbel MGR 90 \u2013 2.0 Bivolt"},"content":{"rendered":"<p><strong>C\u00f3digo do Produto: PA000100005<\/strong><\/p>\n<p>Frequ\u00eancia: 50\/60 Hz<br \/>\nPot\u00eancia: 560 W<br \/>\nRota\u00e7\u00e3o do motor: 3500 RPM<br \/>\nRota\u00e7\u00e3o da moenda: 1180 RPM<br \/>\nTens\u00e3o: 127V \/ 220V<br \/>\nProdu\u00e7\u00e3o estimada: 35 kg\/h (Caf\u00e9)<br \/>\nPeso: Bruto: 27 kg \/ Liquido 24 kg<br \/>\nEmbalagem: Altura 66cm \/Largura 33cm \/Comprimento 63cm<br \/>\nNCM: 84378010<br \/>\nC\u00f3digo de Barras Moedor de Gr\u00e3os Arbel MGR 90 \u2013 2.0 Bivolt: 7898284811039<\/p>\n<p>Substituic\u0327a\u0303o Tributaria: 0%<br \/>\nBase de c\u00e1lculo do ICMS para estados: MG\/PR\/RJ\/RS\/SC: 73,34% \u2013 Ali\u0301quota de ICMS: 12%<br \/>\nBase de c\u00e1lculo do ICMS para SP: 48,89% \u2013 Ali\u0301quota de ICMS : 18%<br \/>\nOutros Estados base de ca\u0301lculo do ICMS: 73,43% \u2013 Ali\u0301quota de ICMS : 7%<\/p>\n","protected":false},"excerpt":{"rendered":"<p>Atende voc\u00ea, que precisa de uma produ\u00e7\u00e3o maior de gr\u00e3os mo\u00eddos, com capacidade para moer 35 Kg\/h de caf\u00e9. J\u00e1 o milho maduro e pimenta do reino sua capacidade \u00e9 de at\u00e9 70 kg\/h. Al\u00e9m de outros gr\u00e3os secos ou torrados (n\u00e3o oleaginosos).<\/p>\n<p>Desenvolvido com a mais alta tecnologia, \u00e9 um maquina vers\u00e1til, robusta e resistente.<br \/>\nFunil para 3,5 kg de gr\u00e3os de caf\u00e9 e o dep\u00f3sito a capacidade \u00e9 de 1 kg de caf\u00e9 mo\u00eddo.<\/p>\n","protected":false},"featured_media":207,"comment_status":"open","ping_status":"closed","template":"","meta":{"_joinchat":[]},"product_cat":[47,35],"product_tag":[],"acf":[],"_links":{"self":[{"href":"https:\/\/arbelstore.com.br\/home\/wp-json\/wp\/v2\/product\/178"}],"collection":[{"href":"https:\/\/arbelstore.com.br\/home\/wp-json\/wp\/v2\/product"}],"about":[{"href":"https:\/\/arbelstore.com.br\/home\/wp-json\/wp\/v2\/types\/product"}],"replies":[{"embeddable":true,"href":"https:\/\/arbelstore.com.br\/home\/wp-json\/wp\/v2\/comments?post=178"}],"wp:featuredmedia":[{"embeddable":true,"href":"https:\/\/arbelstore.com.br\/home\/wp-json\/wp\/v2\/media\/207"}],"wp:attachment":[{"href":"https:\/\/arbelstore.com.br\/home\/wp-json\/wp\/v2\/media?parent=178"}],"wp:term":[{"taxonomy":"product_cat","embeddable":true,"href":"https:\/\/arbelstore.com.br\/home\/wp-json\/wp\/v2\/product_cat?post=178"},{"taxonomy":"product_tag","embeddable":true,"href":"https:\/\/arbelstore.com.br\/home\/wp-json\/wp\/v2\/product_tag?post=178"}],"curies":[{"name":"wp","href":"https:\/\/api.w.org\/{rel}","templated":true}]}}