{"id":185,"date":"2022-09-15T11:16:56","date_gmt":"2022-09-15T14:16:56","guid":{"rendered":"https:\/\/arbelstore.net\/?post_type=product&#038;p=185"},"modified":"2025-11-03T21:39:39","modified_gmt":"2025-11-04T00:39:39","slug":"moedor-de-carne-arbel-mcr-08-4-0-bivolt","status":"publish","type":"product","link":"https:\/\/arbelstore.com.br\/home\/produto\/moedor-de-carne-arbel-mcr-08-4-0-bivolt\/","title":{"rendered":"Moedor de Carne Arbel MCR 08 &#8211; 4.0 Bivolt"},"content":{"rendered":"<p>Pot\u00eancia: 418\/558 W<br \/>\nFrequ\u00eancia: 60 Hz<br \/>\nRota\u00e7\u00e3o: 1.630 rpm<br \/>\nTens\u00e3o: 127\/220 V<br \/>\nProdu\u00e7\u00e3o estimada: 40 kg\/h<br \/>\nPeso: Bruto 12.440 kg \/ Liquido 11,370 kg<br \/>\nEmbalagem: Altura 32 cm \/Largura 28 cm \/ Comprimento 41 cm<br \/>\nNCM: 84385000<br \/>\nC\u00f3digo de Barras Moedor de Carne Arbel MCR 08 &#8211; 4.0 Bivolt: 7898284811121<\/p>\n<p>Substituic\u0327a\u0303o Tributaria: 0%<br \/>\nBase de c\u00e1lculo do ICMS para estados: MG\/PR\/RJ\/RS\/SC: 79,17% \u2013 Ali\u0301quota de ICMS: 12%<br \/>\nBase de c\u00e1lculo do ICMS para SP: 48,89% \u2013 Ali\u0301quota de ICMS : 18%<br \/>\nOutros Freque\u0302ncia 60 Hz<br \/>\nEstados base de ca\u0301lculo do ICMS: 78,58% \u2013 Ali\u0301quota de ICMS : 7%<\/p>\n","protected":false},"excerpt":{"rendered":"<p>Para deixar sua cozinha ainda mais bonita e pr\u00e1tica, a Arbel coloca a op\u00e7\u00e3o do moedor de carne 4.0, e\u0301 compacto, robusto, bonito e muito dur\u00e1vel. Ideal para atender pequeno e m\u00e9dios estabelecimento como: <strong>Bares, Hote\u0301is, Lanchonetes, Propriedades Rurais e Reside\u0302ncias<\/strong>. Mo\u0301i ate\u0301 40 Kg de carne por hora e acompanha tr\u00eas funis para lingui\u00e7a.<\/p>\n<p>Auxiliar no preparo de diversos pratos, como por exemplo:\u00a0<strong>quibe, kafta, tofu\u0301, pamonha, pure\u0302 de batata, molho de tomate, nhoque<\/strong>, entre outros que voce\u0302 mesmo descobrira\u0301. Al\u00e9m de Moer trigo, <strong>soja hidratados, amendoim torrado ou cru, carne de frango e de peixe, etc.<\/strong><\/p>\n","protected":false},"featured_media":265,"comment_status":"open","ping_status":"closed","template":"","meta":{"_joinchat":[]},"product_cat":[47,45],"product_tag":[],"acf":[],"_links":{"self":[{"href":"https:\/\/arbelstore.com.br\/home\/wp-json\/wp\/v2\/product\/185"}],"collection":[{"href":"https:\/\/arbelstore.com.br\/home\/wp-json\/wp\/v2\/product"}],"about":[{"href":"https:\/\/arbelstore.com.br\/home\/wp-json\/wp\/v2\/types\/product"}],"replies":[{"embeddable":true,"href":"https:\/\/arbelstore.com.br\/home\/wp-json\/wp\/v2\/comments?post=185"}],"wp:featuredmedia":[{"embeddable":true,"href":"https:\/\/arbelstore.com.br\/home\/wp-json\/wp\/v2\/media\/265"}],"wp:attachment":[{"href":"https:\/\/arbelstore.com.br\/home\/wp-json\/wp\/v2\/media?parent=185"}],"wp:term":[{"taxonomy":"product_cat","embeddable":true,"href":"https:\/\/arbelstore.com.br\/home\/wp-json\/wp\/v2\/product_cat?post=185"},{"taxonomy":"product_tag","embeddable":true,"href":"https:\/\/arbelstore.com.br\/home\/wp-json\/wp\/v2\/product_tag?post=185"}],"curies":[{"name":"wp","href":"https:\/\/api.w.org\/{rel}","templated":true}]}}