{"id":186,"date":"2022-09-15T11:16:56","date_gmt":"2022-09-15T14:16:56","guid":{"rendered":"https:\/\/arbelstore.net\/?post_type=product&#038;p=186"},"modified":"2025-11-01T04:01:37","modified_gmt":"2025-11-01T07:01:37","slug":"moedor-de-cafe-arbel-mcf-55-4-0-bivolt","status":"publish","type":"product","link":"https:\/\/arbelstore.com.br\/home\/produto\/moedor-de-cafe-arbel-mcf-55-4-0-bivolt\/","title":{"rendered":"Moedor de Caf\u00e9 Arbel MCF 55 &#8211; 4.0 Bivolt"},"content":{"rendered":"<p>Pot\u00eancia: 418\/558 W<br \/>\nFrequ\u00eancia: 60 Hz<br \/>\nRota\u00e7\u00e3o: 1.630 rpm<br \/>\nTens\u00e3o: 127\/220 V<br \/>\nProdu\u00e7\u00e3o estimada: 7 kg\/h<br \/>\nPeso: Bruto 8,270 kg \/ Liquido 7.680 kg<br \/>\nEmbalagem: Altura 31 cm \/Largura 21 cm \/ Comprimento 32 cm<br \/>\nNCM: 84378010<br \/>\nC\u00f3digo de Barras Moedor de Caf\u00e9 Arbel MCF 55 &#8211; 4.0 Bivolt: 7898284811107<\/p>\n<p>Substituic\u0327a\u0303o Tributaria: 0%<br \/>\nBase de c\u00e1lculo do ICMS para estados: MG\/PR\/RJ\/RS\/SC: 73,34% \u2013 Ali\u0301quota de ICMS: 12%<br \/>\nBase de c\u00e1lculo do ICMS para SP: 48,89% \u2013 Ali\u0301quota de ICMS : 18%<br \/>\nOutros Freque\u0302ncia 60 Hz<br \/>\nEstados base de ca\u0301lculo do ICMS: 73,43% \u2013 Ali\u0301quota de ICMS : 7%<\/p>\n","protected":false},"excerpt":{"rendered":"<p style=\"background: #F9F9F9; margin: 0cm 0cm 12.0pt 0cm;\"><span style=\"font-size: 10.5pt; font-family: 'Arial','sans-serif'; color: #606975;\">Fabricado em a\u00e7o carbono com pintura eletrost\u00e1tica, o moedor de caf\u00e9 Arbel MCF 4.0 e\u0301\u00a0<strong><span style=\"font-family: 'Arial','sans-serif';\">compacto, bonito, muito dura\u0301vel e de f\u00e1cil manuseio;<\/span><\/strong> atende \u00e0 <strong>B<span style=\"font-family: 'Arial','sans-serif';\">ares, Hote\u0301is, Lanchonetes, Restaurantes, Propriedades Rurais, Feirantes, Reside\u0302ncias, entre outros.<\/span><\/strong> O cafe\u0301 moi\u0301do na hora em que vai ser coado preserva melhor o seu sabor e aroma.<\/span><\/p>\n<p style=\"background: #F9F9F9; margin: 0cm 0cm 12.0pt 0cm;\"><span style=\"font-size: 10.5pt; font-family: 'Arial','sans-serif'; color: #606975;\">Ale\u0301m de cafe\u0301, o Moedor Arbel MCF 55 \u2013 4.0, mo\u0301i pimenta do\u00a0<strong><span style=\"font-family: 'Arial','sans-serif';\">reino, milho maduro, arroz cru, trigo seco, guarana\u0301, casca de ovo, temperos secos,<\/span><\/strong>\u00a0etc. <\/span><\/p>\n","protected":false},"featured_media":263,"comment_status":"open","ping_status":"closed","template":"","meta":{"_joinchat":[]},"product_cat":[47,35],"product_tag":[],"acf":[],"_links":{"self":[{"href":"https:\/\/arbelstore.com.br\/home\/wp-json\/wp\/v2\/product\/186"}],"collection":[{"href":"https:\/\/arbelstore.com.br\/home\/wp-json\/wp\/v2\/product"}],"about":[{"href":"https:\/\/arbelstore.com.br\/home\/wp-json\/wp\/v2\/types\/product"}],"replies":[{"embeddable":true,"href":"https:\/\/arbelstore.com.br\/home\/wp-json\/wp\/v2\/comments?post=186"}],"wp:featuredmedia":[{"embeddable":true,"href":"https:\/\/arbelstore.com.br\/home\/wp-json\/wp\/v2\/media\/263"}],"wp:attachment":[{"href":"https:\/\/arbelstore.com.br\/home\/wp-json\/wp\/v2\/media?parent=186"}],"wp:term":[{"taxonomy":"product_cat","embeddable":true,"href":"https:\/\/arbelstore.com.br\/home\/wp-json\/wp\/v2\/product_cat?post=186"},{"taxonomy":"product_tag","embeddable":true,"href":"https:\/\/arbelstore.com.br\/home\/wp-json\/wp\/v2\/product_tag?post=186"}],"curies":[{"name":"wp","href":"https:\/\/api.w.org\/{rel}","templated":true}]}}