{"id":371,"date":"2023-02-02T19:22:06","date_gmt":"2023-02-02T22:22:06","guid":{"rendered":"https:\/\/arbelstore.net\/?post_type=product&#038;p=371"},"modified":"2025-12-02T11:52:00","modified_gmt":"2025-12-02T14:52:00","slug":"moedor-de-cafe-mcf-55","status":"publish","type":"product","link":"https:\/\/arbelstore.com.br\/home\/produto\/moedor-de-cafe-mcf-55\/","title":{"rendered":"Moedor de Cafe MCF 55"},"content":{"rendered":"<p>Mais r\u00e1pido com maior produ\u00e7\u00e3o de ate 15 kg\/h o moedor de caf\u00e9 2.0 atende a bares, cozinhas industriais, hote\u0301is, lanchonetes, mercearias, restaurantes, propriedades rurais, feirantes e reside\u0302ncias. O cafe\u0301 moi\u0301do na hora em que vai ser coado preserva melhor o seu sabor e aroma.<br \/>\nSeu uso nesses pequenos e m\u00e9dios com\u00e9rcios pode ser uma opc\u0327a\u0303o para melhorar o atendimento e aumentar as vendas e os lucros.<br \/>\nAl\u00e9m de caf\u00e9\u0301, o Moedor Arbel MCF 55 \u2013 2.0, mo\u0301i pimenta do reino, milho maduro, arroz cru, trigo seco, guaran\u00e1\u0301, casca de ovo, temperos secos, etc. O Moedor de Cafe\u0301 Arbel MCF 55 \u2013 2.0, e\u0301 compacto, robusto, bonito e muito dur\u00e1vel.<\/p>\n<p>C\u00f3digo do Produto: 022.10.000.0000<br \/>\nPot\u00eancia: 530\/480 W<br \/>\nFrequ\u00eancia: 60 Hz<br \/>\nRota\u00e7\u00e3o: 3.500 rpm<br \/>\nTens\u00e3o: 127\/220 V<br \/>\nProdu\u00e7\u00e3o estimada: 11 kg\/h<br \/>\nPeso: Bruto 10,4 kg \/ Liquido 9,1 kg<br \/>\nEmbalagem: Altura 32 cm \/Largura 28 cm \/ Comprimento 41 cm<br \/>\nNCM: 84378010<br \/>\nC\u00f3digo de Barras Moedor de Cafe MCF 55 2.0 Bivolt: 7898284810018<br \/>\nSubstituic\u0327a\u0303o Tributaria: 0%<br \/>\nBase de c\u00e1lculo do ICMS para estados: MG\/PR\/RJ\/RS\/SC: 73,34% \u2013 Ali\u0301quota de ICMS: 12%<br \/>\nBase de c\u00e1lculo do ICMS para SP: 48,89% \u2013 Ali\u0301quota de ICMS : 18%<br \/>\nOutros Estados base de ca\u0301lculo do ICMS: 73,43% \u2013 Ali\u0301quota de ICMS : 7%<\/p>\n","protected":false},"excerpt":{"rendered":"<p>Mais r\u00e1pido com maior produ\u00e7\u00e3o de ate 15 kg\/h o moedor de caf\u00e9 2.0 atende a bares, cozinhas industriais, hote\u0301is, lanchonetes, mercearias, restaurantes, propriedades rurais, feirantes e reside\u0302ncias. O cafe\u0301 moi\u0301do na hora em que vai ser coado preserva melhor o seu sabor e aroma. Seu uso nesses pequenos e m\u00e9dios com\u00e9rcios pode ser uma [&hellip;]<\/p>\n","protected":false},"featured_media":372,"comment_status":"open","ping_status":"closed","template":"","meta":{"_joinchat":[]},"product_cat":[47,35],"product_tag":[43,42],"acf":[],"_links":{"self":[{"href":"https:\/\/arbelstore.com.br\/home\/wp-json\/wp\/v2\/product\/371"}],"collection":[{"href":"https:\/\/arbelstore.com.br\/home\/wp-json\/wp\/v2\/product"}],"about":[{"href":"https:\/\/arbelstore.com.br\/home\/wp-json\/wp\/v2\/types\/product"}],"replies":[{"embeddable":true,"href":"https:\/\/arbelstore.com.br\/home\/wp-json\/wp\/v2\/comments?post=371"}],"wp:featuredmedia":[{"embeddable":true,"href":"https:\/\/arbelstore.com.br\/home\/wp-json\/wp\/v2\/media\/372"}],"wp:attachment":[{"href":"https:\/\/arbelstore.com.br\/home\/wp-json\/wp\/v2\/media?parent=371"}],"wp:term":[{"taxonomy":"product_cat","embeddable":true,"href":"https:\/\/arbelstore.com.br\/home\/wp-json\/wp\/v2\/product_cat?post=371"},{"taxonomy":"product_tag","embeddable":true,"href":"https:\/\/arbelstore.com.br\/home\/wp-json\/wp\/v2\/product_tag?post=371"}],"curies":[{"name":"wp","href":"https:\/\/api.w.org\/{rel}","templated":true}]}}