{"id":544,"date":"2023-08-04T16:38:15","date_gmt":"2023-08-04T19:38:15","guid":{"rendered":"https:\/\/arbelstore.net\/home\/?post_type=product&#038;p=544"},"modified":"2026-02-23T21:57:00","modified_gmt":"2026-02-24T00:57:00","slug":"processador-para-acaraje-arbel-pra-124","status":"publish","type":"product","link":"https:\/\/arbelstore.com.br\/home\/produto\/processador-para-acaraje-arbel-pra-124\/","title":{"rendered":"PROCESSADOR PARA ACARAJ\u00c9 ARBEL PRA 124"},"content":{"rendered":"<p><strong>C\u00f3digo do Produto: PA000100012<\/strong><\/p>\n<p>Pot\u00eancia: 800\/450 W<br \/>\nRota\u00e7\u00e3o: 3500 RPM<br \/>\nTens\u00e3o: 127\/220 V<br \/>\nFrequ\u00eancia: 60 Hz<br \/>\nGrau de Prote\u00e7\u00e3o: IPX1<br \/>\nClasse de Isola\u00e7\u00e3o: I<br \/>\nRota\u00e7\u00e3o do disco em vazio: 3500 RPM<\/p>\n<p>Peso Bruto 13,550 kg\/ Liquido 12,90 kg<br \/>\nEmbalagem: Altura 56 cm \/Largura 31 cm \/ Comprimento 45 cm<br \/>\nNCM: 8437.8010<br \/>\nC\u00f3digo de Barras Processador para Acaraj\u00e9 PRA 124 Bivolt: 7898284811152<\/p>\n<p>Substituic\u0327a\u0303o Tributaria: 0%<br \/>\nBase de c\u00e1lculo do ICMS para estados: MG\/PR\/RJ\/RS\/SC: 73,34% \u2013 Ali\u0301quota de ICMS: 12%<br \/>\nBase de c\u00e1lculo do ICMS para SP: 48,89% \u2013 Ali\u0301quota de ICMS: 18%<br \/>\nOutros Estados base de ca\u0301lculo do ICMS: 73,43% \u2013 Ali\u0301quota de ICMS: 7%<\/p>\n","protected":false},"excerpt":{"rendered":"<p>Agora voc\u00ea pode aumentar sua renda com a ajuda do processador de feij\u00e3o para acaraj\u00e9 ARBEL; com a facilidade e praticidade desse equipamento voc\u00ea ganha dinheiro economizando tempo e m\u00e3o de obra.<\/p>\n<p>O PROCESSADOR PARA ACARAJ\u00c9 ARBEL tem produ\u00e7\u00e3o estimada de at\u00e9 75 kg\/h de massa.<\/p>\n<p>O feij\u00e3o que deve ser hidratado e descascado; depois de escorrido j\u00e1 pode ser processado e o resultado \u00e9 uma massa na textura adequada para seu bolinho de acaraj\u00e9.<\/p>\n<p>Pr\u00e1tico e f\u00e1cil de manusear, feito em a\u00e7o inox, voltagem 127V e 220V com chave seletora de voltagem.<\/p>\n","protected":false},"featured_media":545,"comment_status":"open","ping_status":"closed","template":"","meta":{"_joinchat":[]},"product_cat":[51],"product_tag":[],"acf":[],"_links":{"self":[{"href":"https:\/\/arbelstore.com.br\/home\/wp-json\/wp\/v2\/product\/544"}],"collection":[{"href":"https:\/\/arbelstore.com.br\/home\/wp-json\/wp\/v2\/product"}],"about":[{"href":"https:\/\/arbelstore.com.br\/home\/wp-json\/wp\/v2\/types\/product"}],"replies":[{"embeddable":true,"href":"https:\/\/arbelstore.com.br\/home\/wp-json\/wp\/v2\/comments?post=544"}],"wp:featuredmedia":[{"embeddable":true,"href":"https:\/\/arbelstore.com.br\/home\/wp-json\/wp\/v2\/media\/545"}],"wp:attachment":[{"href":"https:\/\/arbelstore.com.br\/home\/wp-json\/wp\/v2\/media?parent=544"}],"wp:term":[{"taxonomy":"product_cat","embeddable":true,"href":"https:\/\/arbelstore.com.br\/home\/wp-json\/wp\/v2\/product_cat?post=544"},{"taxonomy":"product_tag","embeddable":true,"href":"https:\/\/arbelstore.com.br\/home\/wp-json\/wp\/v2\/product_tag?post=544"}],"curies":[{"name":"wp","href":"https:\/\/api.w.org\/{rel}","templated":true}]}}